{"id":10,"date":"2019-02-01T22:16:22","date_gmt":"2019-02-01T22:16:22","guid":{"rendered":"http:\/\/senkwerkzeuge-hitzegrad.com\/?page_id=10"},"modified":"2019-07-23T23:16:35","modified_gmt":"2019-07-23T21:16:35","slug":"senkwerkzeuge","status":"publish","type":"page","link":"https:\/\/senkwerkzeuge-hitzegrad.de\/?page_id=10","title":{"rendered":"Kompakt-Anschlagsenker"},"content":{"rendered":"\n<h3 class=\"wp-block-heading\">Proze\u00dfsichere Senkungen bei schwierigen Raumverh\u00e4ltnissen <\/h3>\n\n\n\n<hr class=\"wp-block-separator\"\/>\n\n\n\n<p>Wir produzieren Pr\u00e4zisions-Senkwerkzeuge f\u00fcr das Senken von Aluminium, Titan, Stahl und Verbundwerkstoffen. Hierbei erf\u00fcllen wir die Anforderungen einschl\u00e4giger Luftfahrt-Normen.  <\/p>\n\n\n\n<p>F\u00fcr Arbeiten bei schwierigen Raumverh\u00e4ltnissen haben wir die Kompakt-Anschlagsenker der <strong>Baureihen 40x  sowie 45x<\/strong> entwickelt, welche verschiedene Durchmesser \/ Winkelkombinationen abdecken und jeweils definierte Senkungen herstellen. <\/p>\n\n\n\n<p>Durch die fest vorgegebene Senktiefe (ohne variable Verstellm\u00f6glichkeit), werden Abweichungen in der Fertigung durch Werkereingriff ausgeschlossen und die Prozesssicherheit somit optimiert.<\/p>\n\n\n\n<p>Unser Engineering steht Ihnen auch f\u00fcr die Auslegung individueller Produktvarianten und hier nicht gelisteter Sonderausf\u00fchrungen zur Verf\u00fcgung &#8211; <a href=\"https:\/\/senkwerkzeuge-hitzegrad.com\/?page_id=356\">beschreiben Sie uns gerne Ihre spezielle Aufgabe \/ Anforderung.<\/a><\/p>\n\n\n\n<div style=\"background-color:#00387b; margin-top:60px;\">\n   <h3 style=\"color:white; padding:10px;\">Kompakt-Anschlagsenker Nr. 401 &#8211; 404<\/h3>\n<\/div>\n\n\n\n<div class=\"wp-block-columns has-2-columns is-layout-flex wp-container-core-columns-is-layout-9d6595d7 wp-block-columns-is-layout-flex\">\n<div class=\"wp-block-column is-layout-flow wp-block-column-is-layout-flow\">\n<figure class=\"wp-block-image\"><a href=\"https:\/\/senkwerkzeuge-hitzegrad.de\/wp-content\/uploads\/2019\/02\/ZSB_Anschlagsenker_401_bis_404_ger-1.png\" rel=\"lightbox[10]\"><img loading=\"lazy\" decoding=\"async\" width=\"726\" height=\"1024\" src=\"https:\/\/senkwerkzeuge-hitzegrad.com\/wp-content\/uploads\/2019\/02\/ZSB_Anschlagsenker_401_bis_404_ger-1-726x1024.png\" alt=\"\" class=\"wp-image-1578\" srcset=\"https:\/\/senkwerkzeuge-hitzegrad.de\/wp-content\/uploads\/2019\/02\/ZSB_Anschlagsenker_401_bis_404_ger-1-726x1024.png 726w, https:\/\/senkwerkzeuge-hitzegrad.de\/wp-content\/uploads\/2019\/02\/ZSB_Anschlagsenker_401_bis_404_ger-1-213x300.png 213w, https:\/\/senkwerkzeuge-hitzegrad.de\/wp-content\/uploads\/2019\/02\/ZSB_Anschlagsenker_401_bis_404_ger-1-768x1083.png 768w, https:\/\/senkwerkzeuge-hitzegrad.de\/wp-content\/uploads\/2019\/02\/ZSB_Anschlagsenker_401_bis_404_ger-1.png 1240w\" sizes=\"auto, (max-width: 726px) 100vw, 726px\" \/><\/a><\/figure>\n<\/div>\n\n\n\n<div class=\"wp-block-column is-layout-flow wp-block-column-is-layout-flow\">\n<p>Diese extrem kompakten Anschlagsenker sind wegen ihrer <strong>geringen Abmessungen<\/strong> ideal zum Senken an <b>schwer zug\u00e4nglichen Stellen geeignet.<\/b> Die Senkungen weisen  durch die exakt abgestimmte Anschlagh\u00fclse immer eine definierte Tiefe auf. <br>Die Anschlagh\u00fclse ist kugelgelagert und der F\u00fchrungsstift auswechselbar.  <\/p>\n\n\n\n<p>Beim Werkstoff der zwei Schneiden kann zwischen <b>HSS-E oder VHM<\/b> gew\u00e4hlt werden.<\/p>\n\n\n\n<p>Dieser Anschlagsenker wird mit dem <b>F\u00fchrungsstift Nr. 411<\/b> aus Werkzeugstahl ausgestattet. Beim Kauf des Anschlagsenkers ist ein passender F\u00fchrungsstift montiert.<\/p>\n\n\n\n<p><b>Bestellhilfe Anschlagsenker:<\/b><br>Beispielhaft f\u00fcr einen Anschlagsenker mit d = 4 mm; D = 7,2 mm; \u03b1 = 100\u00b0 ergibt sich folgende Bezeichnung: <b>Anschlagsenker Nr. 402-d4<\/b><\/p>\n\n\n\n<p><b>Bestellhilfe f\u00fcr Ersatz-F\u00fchrungsstift:<\/b><br>Beispielhaft f\u00fcr einen F\u00fchrungsstift Nr. 411 mit d = 4 mm ergibt sich folgende Bezeichnung: <b>F\u00fchrungsstift Nr. 411-d4<\/b><\/p>\n<\/div>\n<\/div>\n\n\n\n<div id=\"senker_401\" style=\"background-color:#CCE2F2; margin-top:30px;\">\n   <h4 style=\"padding:10px;\">W\u00e4hlen Sie den passenden Anschlagsenker f\u00fcr Ihren Anwendungsfall<\/h4>\n<\/div>\n\n\n\n<figure class=\"wp-block-image\"><a href=\"https:\/\/senkwerkzeuge-hitzegrad.de\/wp-content\/uploads\/2019\/02\/tabelle_senker_401-404_ger.png\" rel=\"lightbox[10]\"><img loading=\"lazy\" decoding=\"async\" width=\"1024\" height=\"430\" src=\"https:\/\/senkwerkzeuge-hitzegrad.com\/wp-content\/uploads\/2019\/02\/tabelle_senker_401-404_ger-1024x430.png\" alt=\"\" class=\"wp-image-1587\" srcset=\"https:\/\/senkwerkzeuge-hitzegrad.de\/wp-content\/uploads\/2019\/02\/tabelle_senker_401-404_ger-1024x430.png 1024w, https:\/\/senkwerkzeuge-hitzegrad.de\/wp-content\/uploads\/2019\/02\/tabelle_senker_401-404_ger-300x126.png 300w, https:\/\/senkwerkzeuge-hitzegrad.de\/wp-content\/uploads\/2019\/02\/tabelle_senker_401-404_ger-768x323.png 768w, https:\/\/senkwerkzeuge-hitzegrad.de\/wp-content\/uploads\/2019\/02\/tabelle_senker_401-404_ger.png 2000w\" sizes=\"auto, (max-width: 1024px) 100vw, 1024px\" \/><\/a><\/figure>\n\n\n\n<p>Auch andere Durchmesser- und Winkelkombinationen sind auf Anfrage m\u00f6glich. Bitte geben Sie hierf\u00fcr die gew\u00fcnschten Werte f\u00fcr D, d und den Winkel an.  <\/p>\n\n\n\n<div style=\"background-color:#00387b; margin-top:60px;\">\n   <h3 style=\"color:white; padding:10px;\">Kompakt-Anschlagsenker Nr. 451 &#8211; 454<\/h3>\n<\/div>\n","protected":false},"excerpt":{"rendered":"<p>Proze\u00dfsichere Senkungen bei schwierigen Raumverh\u00e4ltnissen Wir produzieren Pr\u00e4zisions-Senkwerkzeuge f\u00fcr das Senken von Aluminium, Titan, Stahl und Verbundwerkstoffen. Hierbei erf\u00fcllen wir die Anforderungen einschl\u00e4giger Luftfahrt-Normen. F\u00fcr Arbeiten bei schwierigen Raumverh\u00e4ltnissen haben wir die Kompakt-Anschlagsenker der Baureihen 40x sowie 45x entwickelt, welche verschiedene Durchmesser \/ Winkelkombinationen abdecken und jeweils definierte Senkungen herstellen. Durch die fest vorgegebene Senktiefe [&hellip;]<\/p>\n","protected":false},"author":1,"featured_media":0,"parent":0,"menu_order":0,"comment_status":"closed","ping_status":"closed","template":"fullwidth.php","meta":{"footnotes":""},"class_list":["post-10","page","type-page","status-publish","hentry"],"_links":{"self":[{"href":"https:\/\/senkwerkzeuge-hitzegrad.de\/index.php?rest_route=\/wp\/v2\/pages\/10","targetHints":{"allow":["GET"]}}],"collection":[{"href":"https:\/\/senkwerkzeuge-hitzegrad.de\/index.php?rest_route=\/wp\/v2\/pages"}],"about":[{"href":"https:\/\/senkwerkzeuge-hitzegrad.de\/index.php?rest_route=\/wp\/v2\/types\/page"}],"author":[{"embeddable":true,"href":"https:\/\/senkwerkzeuge-hitzegrad.de\/index.php?rest_route=\/wp\/v2\/users\/1"}],"replies":[{"embeddable":true,"href":"https:\/\/senkwerkzeuge-hitzegrad.de\/index.php?rest_route=%2Fwp%2Fv2%2Fcomments&post=10"}],"version-history":[{"count":438,"href":"https:\/\/senkwerkzeuge-hitzegrad.de\/index.php?rest_route=\/wp\/v2\/pages\/10\/revisions"}],"predecessor-version":[{"id":2120,"href":"https:\/\/senkwerkzeuge-hitzegrad.de\/index.php?rest_route=\/wp\/v2\/pages\/10\/revisions\/2120"}],"wp:attachment":[{"href":"https:\/\/senkwerkzeuge-hitzegrad.de\/index.php?rest_route=%2Fwp%2Fv2%2Fmedia&parent=10"}],"curies":[{"name":"wp","href":"https:\/\/api.w.org\/{rel}","templated":true}]}}