{"id":647,"date":"2019-02-10T10:28:46","date_gmt":"2019-02-10T09:28:46","guid":{"rendered":"https:\/\/senkwerkzeuge-hitzegrad.com\/?page_id=647"},"modified":"2019-02-12T17:17:26","modified_gmt":"2019-02-12T16:17:26","slug":"unternehmen","status":"publish","type":"page","link":"https:\/\/senkwerkzeuge-hitzegrad.de\/?page_id=647","title":{"rendered":"Historie"},"content":{"rendered":"\n<h4 class=\"wp-block-heading\"> Tradition &amp; Fortschritt \u2013 ein unschlagbares Gespann!  <\/h4>\n\n\n\n<p>Seit der Gr\u00fcndung im Jahr <strong>1957<\/strong> wurde die Firma als Vorrichtungs- und Formenbau von Herrn Sondergeld gef\u00fchrt und fertigte bereits damals erste Ausf\u00fchrungen pr\u00e4ziser Senkwerkzeuge.<\/p>\n\n\n\n<div class=\"wp-block-columns has-2-columns is-layout-flex wp-container-core-columns-is-layout-9d6595d7 wp-block-columns-is-layout-flex\">\n<div class=\"wp-block-column is-layout-flow wp-block-column-is-layout-flow\">\n<figure class=\"wp-block-image\"><img loading=\"lazy\" decoding=\"async\" width=\"574\" height=\"357\" src=\"https:\/\/senkwerkzeuge-hitzegrad.com\/wp-content\/uploads\/2019\/02\/hitzegrad_gebaeude.jpg\" alt=\"\" class=\"wp-image-786\" srcset=\"https:\/\/senkwerkzeuge-hitzegrad.de\/wp-content\/uploads\/2019\/02\/hitzegrad_gebaeude.jpg 574w, https:\/\/senkwerkzeuge-hitzegrad.de\/wp-content\/uploads\/2019\/02\/hitzegrad_gebaeude-300x187.jpg 300w\" sizes=\"auto, (max-width: 574px) 100vw, 574px\" \/><\/figure>\n<\/div>\n\n\n\n<div class=\"wp-block-column is-layout-flow wp-block-column-is-layout-flow\">\n<p><strong>2003<\/strong> \u00fcbernahm Robert Hitzegrad das Gesch\u00e4ft und f\u00fchrte es unter dem Namen Senkwerkzeuge-Hitzegrad e.K. weiter. Die Fertigung und das  Produktportfolio wurden kontinuierlich weiterentwickelt. Auch die Fertigung von Prototypen und Einzelteilen sowie von CNC-Pr\u00e4zisionsdrehteilen ist seither aufgebaut worden.<\/p>\n\n\n\n<p>Seit <strong>2019<\/strong> firmieren wir unter dem Namen Senkwerkzeuge-Hitzegrad GmbH. Herr Hitzegrad ist weiterhin als Key Account Manager f\u00fcr den Bereich Senkwerkzeuge verantwortlich. Die Einf\u00fchrung des modernen 3D-CAD Systems Solid Works unterstreicht unsere kontinuierliche Weiterentwicklung im Bereich des Engineerings, um unseren Kunden Sonderl\u00f6sungen aus einer Hand bieten zu k\u00f6nnen.<\/p>\n<\/div>\n<\/div>\n\n\n\n<p>\u00dcber all die Jahre geben wir unser gesammeltes Know-How und unsere jahrzehntelange Erfahrung im Unternehmen weiter &#8211; ein Entwicklungsprozess, der in jedem unserer Produkte steckt. <\/p>\n\n\n\n<p>Gleichzeitig suchen wir stetig nach neuen innovativen M\u00f6glichkeiten, unsere Produkte noch besser zu machen, Produktneuheiten zu entwickeln und die neuesten technologischen Errungenschaften zu nutzen und effektiv in den Herstellungsprozess zu integrieren.<\/p>\n","protected":false},"excerpt":{"rendered":"<p>Tradition &amp; Fortschritt \u2013 ein unschlagbares Gespann! Seit der Gr\u00fcndung im Jahr 1957 wurde die Firma als Vorrichtungs- und Formenbau von Herrn Sondergeld gef\u00fchrt und fertigte bereits damals erste Ausf\u00fchrungen pr\u00e4ziser Senkwerkzeuge. 2003 \u00fcbernahm Robert Hitzegrad das Gesch\u00e4ft und f\u00fchrte es unter dem Namen Senkwerkzeuge-Hitzegrad e.K. weiter. Die Fertigung und das Produktportfolio wurden kontinuierlich weiterentwickelt. [&hellip;]<\/p>\n","protected":false},"author":1,"featured_media":0,"parent":0,"menu_order":0,"comment_status":"closed","ping_status":"closed","template":"fullwidth.php","meta":{"footnotes":""},"class_list":["post-647","page","type-page","status-publish","hentry"],"_links":{"self":[{"href":"https:\/\/senkwerkzeuge-hitzegrad.de\/index.php?rest_route=\/wp\/v2\/pages\/647","targetHints":{"allow":["GET"]}}],"collection":[{"href":"https:\/\/senkwerkzeuge-hitzegrad.de\/index.php?rest_route=\/wp\/v2\/pages"}],"about":[{"href":"https:\/\/senkwerkzeuge-hitzegrad.de\/index.php?rest_route=\/wp\/v2\/types\/page"}],"author":[{"embeddable":true,"href":"https:\/\/senkwerkzeuge-hitzegrad.de\/index.php?rest_route=\/wp\/v2\/users\/1"}],"replies":[{"embeddable":true,"href":"https:\/\/senkwerkzeuge-hitzegrad.de\/index.php?rest_route=%2Fwp%2Fv2%2Fcomments&post=647"}],"version-history":[{"count":35,"href":"https:\/\/senkwerkzeuge-hitzegrad.de\/index.php?rest_route=\/wp\/v2\/pages\/647\/revisions"}],"predecessor-version":[{"id":862,"href":"https:\/\/senkwerkzeuge-hitzegrad.de\/index.php?rest_route=\/wp\/v2\/pages\/647\/revisions\/862"}],"wp:attachment":[{"href":"https:\/\/senkwerkzeuge-hitzegrad.de\/index.php?rest_route=%2Fwp%2Fv2%2Fmedia&parent=647"}],"curies":[{"name":"wp","href":"https:\/\/api.w.org\/{rel}","templated":true}]}}